{"id":49,"date":"2024-01-04T08:14:38","date_gmt":"2024-01-04T08:14:38","guid":{"rendered":"https:\/\/www.loeninger-tafel.de\/?page_id=49"},"modified":"2024-01-04T08:14:41","modified_gmt":"2024-01-04T08:14:41","slug":"satzung","status":"publish","type":"page","link":"https:\/\/www.loeninger-tafel.de\/?page_id=49","title":{"rendered":"Satzung"},"content":{"rendered":"\n  \n    <section class=\"u-clearfix u-section-1\" id=\"sec-8825\">\n      <div class=\"u-clearfix u-sheet u-sheet-1\">\n        <h1 class=\"u-align-center u-text u-text-1\">Satzung<\/h1>\n        <div class=\"u-border-3 u-border-custom-color-2 u-expanded-width u-line u-line-horizontal u-line-1\"><\/div>\n        <p class=\"u-align-left u-text u-text-2\"><b>Verein \u201e L\u00f6ninger Tafel&nbsp;&nbsp;e. V.\u201c<\/b>&nbsp;<br>\n          <br>In der Fassung vom 14. September 2009 beschlossen und verk\u00fcndet von der beschlussf\u00e4higen Mitgliederversammlung am gleichen Tage. Wegen der besseren Lesbarkeit wird stets die m\u00e4nnliche Form verwendet. Sie schlie\u00dft die weibliche ein.&nbsp;<b>\n            <br>\n            <br>\n            <br>Pr\u00e4ambel<\/b>\n          <br>Der Verein \u201eL\u00f6ninger Tafel e.V.\u201c versteht sich als ein konkreter Beitrag christlich und sozial engagierter Menschen, die es sich zur Aufgabe gemacht haben, \u00fcbersch\u00fcssige und gespendete Lebensmittel einzusammeln und an Bed\u00fcrftige weiterzugeben, um bei der \u00dcberwindung von Armut in unserem Dekanat zu helfen. Ziel soll es sein, Menschen in wirtschaftlich schwierigen Lebenslagen durch diese erg\u00e4nzende Hilfe eine erweiterte Teilhabe an den Lebensm\u00f6glichkeiten unserer Gesellschaft zu bieten. Der Verein \u201eL\u00f6ninger Tafel&nbsp;&nbsp;e. V.\u201c m\u00f6chte mit seiner Initiative darauf aufmerksam machen, dass Armut auch ein strukturelles Problem ist, dessen L\u00f6sung eine vordringliche gesellschaftliche Aufgabe bleiben muss. Die zunehmende Armut steht im Widerspruch zur \u00dcberflussgesellschaft. Daher setzt sich der Verein \u201eL\u00f6ninger Tafel e.V.\u201c daf\u00fcr ein, dass die Verwendung von Lebensmitteln Vorrang hat vor deren Vernichtung. Die Gr\u00fcndungsmitglieder berufen sich auf den biblischen Auftrag \u201eden Hungrigen dein Brot auszuteilen\u201c (Jesaja 58,7) und auf das Sozialwort der Kirche \u201eF\u00fcr eine Zukunft in Solidarit\u00e4t und Gerechtigkeit\u201c.Der Verein \u201eL\u00f6ningerTafel&nbsp;&nbsp;e. V.\u201c hilft vorbehaltlos Menschen, die der Hilfe bed\u00fcrfen. Sie versteht sich als Option f\u00fcr Kinder, Schwache und Benachteiligte und bekennt sich zu einer solidarischen Gestaltung der Zukunft.&nbsp;<br>\n          <br>\n          <br><b>\u00a7 1 -&nbsp;<\/b><b>Name, Sitz, Gesch\u00e4ftsjahr<\/b>\n          <br>1. Der Verein f\u00fchrt den Namen \u201eL\u00f6ninger Tafel \u201c. Er soll in das Vereinsregister eingetragen werden. Nach der Eintragung lautet der Name \u201eL\u00f6ninger Tafel&nbsp; e. V.\u201c<br>\n          <br>2. Der Verein hat seinen Sitz in 49624 L\u00f6ningen.<br>\n          <br>3. Das Gesch\u00e4ftsjahr des Vereins ist das Kalenderjahr.<br>\n          <br>\n          <br><b>\u00a7 2 -&nbsp;<\/b><b>Zweck des Vereins<\/b>\n          <br>1. Zweck des Vereins ist die Unterst\u00fctzung und Hilfe f\u00fcr bed\u00fcrftige und mittellose Mitmenschen, insbesondere durch die Ausgabe von Lebensmitteln und anderen Sachgegenst\u00e4nden f\u00fcr das t\u00e4gliche Leben. Zweck des Vereins ist des Weiteren die F\u00f6rderung der Erziehung, Volks- und Berufsbildung sowie die F\u00f6rderung des Wohlfahrtswesens. Der Verein verfolgt ausschlie\u00dflich und unmittelbar gemeinn\u00fctzige und mildt\u00e4tige Zwecke im Sinne des Abschnitts \u201eSteuerbeg\u00fcnstigte Zwecke\u201c der Abgabenordnung.<br>\n          <br>2. Der Zweck des Vereins wird ebenso dadurch erreicht, dass insbesondere bed\u00fcrftige Kinder der Nachhilfeunterricht finanziell erm\u00f6glicht wird. Des Weiteren&nbsp; soll die finanzielle Ausstattung von Bildungseinrichtungen, insbesondere auch praktischen Lernst\u00e4tten (Lernwerkstatt) unterst\u00fctzt werden.<br>\n          <br>3. Der Verein ist selbstlos t\u00e4tig: er verfolgt nicht in erster Linie eigenwirtschaftliche Zwecke.<br>\n          <br>4. Mittel des Vereins d\u00fcrfen nur f\u00fcr die satzungsgem\u00e4\u00dfen Zwecke verwendet werden. Die Mitlieder erhalten keine Zuwendung aus den Mitteln des Vereins. Es darf keine Person durch Ausgaben, die dem Zweck des Vereins fremd sind oder durch unverh\u00e4ltnism\u00e4\u00dfig hohe Verg\u00fctungen&nbsp; beg\u00fcnstigt werden.<br>5. Ehrenamtliche Personen haben nur Anspruch auf Ersatz Ihrer nachgewiesenen Auslagen.&nbsp;<br>\n          <br>\n          <br><b>\u00a7 3 -&nbsp;<\/b><b>Erwerb der Mitgliedschaft<\/b>\n          <br>1. Mitglied des Vereins kann jede nat\u00fcrliche Person, die das 18. Lebensjahr vollendet hat sowie jede juristische Person werden.<br>\n          <br>2. Der Erwerb der Mitgliedschaft bedarf eines schriftlichen Aufnahmeantrages, der an den Vorstand zurichten ist. Dieser entscheidet \u00fcber den Aufnahmeantrag.<br>\n          <br>3. Auf Beschluss der Mitgliederversammlung ist eine Ehrenmitgliedschaft m\u00f6glich. \u00dcber die Ehrenmitgliedschaft entscheidet die Mitgliederversammlung.<br>\n          <br>4. F\u00f6rdermitgliedschaft ist m\u00f6glich. F\u00f6rdermitglieder unterst\u00fctzen den Verein ideell oder finanziell und sind nicht stimmberechtigt nach \u00a7 10 Abs. 1 der Satzung. Sie k\u00f6nnen zu jeder Zeit ihren F\u00f6rderbeitrag einstellen.&nbsp;<br>\n          <br>\n          <br><b>\u00a7 4 -&nbsp;<\/b><b>Beendigung der Mitgliedschaft<\/b>\n          <br>1. Die Mitgliedschaft endet mit dem Tod, Austritt oder Ausschluss aus dem Verein.<br>\n          <br>2. Der Austritt erfolgt durch schriftliche Erkl\u00e4rung gegen\u00fcber dem Vorstand. Der Austritt kann nur zum Ende eines Kalenderjahres erkl\u00e4rt werden, wobei eine K\u00fcndigungsfrist von sechs Wochen einzuhalten ist.<br>\n          <br>3. Wenn ein Mitglied in grober Weise die Interessen des Vereins verletzt, kann es durch Beschluss des Vorstandes ausgeschlossen werden. Vor der Beschlussfassung ist dem Mitglied Gelegenheit zur m\u00fcndlichen oder schriftlichen Stellungnahme zu geben.<br>\n          <br>\n          <br><b>\u00a7 5 -&nbsp;<\/b><b>Mitgliedsbeitr\u00e4ge; Spenden; Zusch\u00fcsse<\/b>\n          <br>1. Der Verein finanziert sich ausschlie\u00dflich \u00fcber Mitgliedsbeitr\u00e4ge, Spenden und Zusch\u00fcssen.<br>\n          <br>2. Die Mitgliedbeitr\u00e4ge werden in Form von Jahresbeitr\u00e4gen erhoben, deren H\u00f6he und Datum der F\u00e4lligkeit von der Mitgliederversammlung festgelegt wird.<br>\n          <br>3. Bei niedrigem Einkommen kann ein Erlass des Mitgliedsbeitrages beantragt werden. Die Entscheidung liegt beim Vorstand.&nbsp;<br>\n          <br>\n          <br><b>\u00a7 6 -&nbsp;<\/b><b>Organ des Vereins<\/b>\n          <br>Organe des Vereins sind der Vorstand und die Mitgliederversammlung.<br>\n          <br>\n          <br><b>\u00a7 7 -&nbsp;<\/b><b>Vorstand<\/b>\n          <br>1. Der Vorstand besteht aus folgenden Personen:<br>a) dem Vorsitzenden<br>b) dem stellvertretenden Vorsitzenden<br>c) dem Schatzmeister<br>\n          <br>2. Der vertretungsberechtigte Vorstand im Sinne von \u00a7 26 BGB besteht aus zwei Mitgliedern des Vorstandes.<br>\n          <br>3. Der Vorstand kann sich zur Erledigung seiner laufenden Gesch\u00e4fte eines Gesch\u00e4ftsf\u00fchrers bedienen.&nbsp;<br>\n          <br>\n          <br><b>\u00a7 8 -&nbsp;<\/b><b>Zust\u00e4ndigkeit des Vorstandes<\/b>\n          <br>Der Vorstand ist f\u00fcr alle Angelegenheiten des Vereins zust\u00e4ndig, soweit sie nicht durch die Satzung einem anderen Organ \u00fcbertragen sind.Er hat insbesondere folgende Aufgaben:<br>a) Vorbereitung und Einberufung der Mitgliederversammlung sowie Aufstellung der Tagesordnung<br>b) Ausf\u00fchrung von Beschl\u00fcssen der Mitgliederversammlung<br>c) Buchf\u00fchrung, Erstellung des Jahresberichtes<br>d) Beschlussfassung \u00fcber die Aufnahme und den Ausschluss von Mitgliedern<br>e) F\u00fchrung der laufenden Gesch\u00e4fte<br>\n          <br>\n          <br><b>\u00a7 9 -&nbsp;<\/b><b>Wahl und Amtsdauer des Vorstandes<\/b>\n          <br>\n          <br>1. Die zu w\u00e4hlenden Vorstandsmitglieder werden von der Mitgliederversammlung f\u00fcr die Dauer von 2 Jahren, gerechnet von der Wahl an, gew\u00e4hlt. Sie bleiben jedoch bis zur Neuwahl der Vorstandsmitglieder im Amt. Jedes Vorstandsmitglied ist einzeln zu w\u00e4hlen. Zu Vorstandsmitgliedern k\u00f6nnen nur Mitglieder des Vereins gew\u00e4hlt werden. Wiederwahl ist zu l\u00e4ssig. Damit die Vorstandsmitglieder nicht gleichzeitig ausscheiden, werden in einem Jahr der 1. Vorsitzende und der Schatzmeister und im n\u00e4chsten Jahr der 2.&nbsp; Vorsitzende neugew\u00e4hlt. Mit der Beendigung der Mitgliedschaft im Verein endet auch das Amt eines Vorstandsmitgliedes.<br>\n          <br>2. Scheidet ein Mitglied des Vorstandes vorzeitig aus, so kann der Vorstand f\u00fcr die restliche Amtsdauer des Ausgeschiedenen einen Nachfolger w\u00e4hlen.&nbsp;<br>\n          <br>\n          <br><b>\u00a710 -&nbsp;<\/b><b>Mitgliederversammlung<\/b>\n          <br>\n          <br>1. Die Mitgliederversammlung bestimmt die Grunds\u00e4tze der Arbeit des Vereins.<br>\n          <br>2. Die Mitgliederversammlung nimmt den Jahresbericht des Vorstandes und den Bericht der Rechnungspr\u00fcfer entgegen. Dar\u00fcber hinaus entscheidet sie \u00fcber<br>a) Entlastung des Vorstandes<br>b) Wahl der Mitglieder des Vorstandes<br>c) Wahl der Rechnungspr\u00fcfer<br>d) Ernennung von Ehrenmitgliedern<br>e) Festsetzung der Mitgliedsbeitr\u00e4ge<br>f) Entscheidungen \u00fcber Satzungs\u00e4nderungen<br>g) Beschlussfassung \u00fcber die Aufl\u00f6sung des Vereins<br>\n          <br>3. In der Mitgliederversammlung hat jedes Mitglied eine Stimme.&nbsp;<br>\n          <br>\n          <br><b>\u00a7 11 -&nbsp;<\/b><b>Einberufung der Mitgliederversammlung<\/b>\n          <br>1. Die ordentliche Mitgliederversammlung findet einmal im Jahr statt. Sie wird vom Vorstand unter Einhaltung einer Frist von zwei Wochen durch schriftliche Einladung jedes Mitglieds des Vereins unter Angabe von Ort, Zeit und Tagesordnung einberufen.<br>\n          <br>2. Eine au\u00dferordentliche Mitgliederversammlung ist einzuberufen, wenn es der Vorstand beschlie\u00dft oder wenn es mindestens ein F\u00fcnftel der Mitglieder beantragt. F\u00fcr die Ladung gilt ebenfalls Ziffer 1.<br>\n          <br>3. Jedes Mitglied kann bis sp\u00e4testens f\u00fcnf Tage vor der Mitgliederversammlung schriftlich eine Erg\u00e4nzung der Tagesordnung beantragen. Der Versammlungsleiter hat zu Beginn der Mitgliederversammlung die Erg\u00e4nzungen bekannt zu geben.&nbsp;<br>\n          <br>\n          <br><b>\u00a7 12 -&nbsp;<\/b><b>Beschlussfassung der Mitgliederversammlung<\/b>\n          <br>1. Die Mitgliederversammlung wird von dem Vorsitzenden, bei dessen Verhinderung von dem stellvertretenden Vorsitzenden geleitet.<br>\n          <br>2. Die Art der Abstimmung kl\u00e4rt der Versammlungsleiter ab. Die Abstimmung muss schriftlich durchgef\u00fchrt werden, wenn ein Drittel der pers\u00f6nlich anwesenden stimmberechtigten Mitglieder dies beantragt.<br>\n          <br>3. Jede satzungsgem\u00e4\u00df einberufene Mitgliederversammlung ist ohne R\u00fccksicht auf die Zahl der erschienenen Mitglieder beschlussf\u00e4hig.<br>\n          <br>4. Die Mitgliederversammlung f\u00e4llt Beschl\u00fcsse mit einfacher Mehrheit der abgegebenen Stimmen. Stimmenthaltungen bleiben au\u00dfer Betracht. Zur \u00c4nderung der Satzung des Vereins ist eine Zwei-Drittel-Mehrheit der anwesenden Vereinsmitglieder erforderlich.<br>\n          <br>5. Bei Wahlen ist gew\u00e4hlt, wer mehr als die H\u00e4lfte der abgegebenen Stimmen erhalten hat.Hat niemand mehr als die H\u00e4lfte der abgegebenen g\u00fcltigen Stimmen erhalten, so findet zwischen den beiden Kandidaten, die die meisten Stimmen erhalten haben eine Stichwahl statt.Gew\u00e4hlt ist dann derjenige, der die meisten Stimmen erhalten hat.Bei gleicher Stimmzahl entscheidet das vom Versammlungsleiter zu ziehende Los.<br>\n          <br>6. \u00dcber die Mitgliederversammlung ist eine Niederschrift zu fertigen und vom Versammlungsleiter zu unterzeichnen.&nbsp;<br>\n          <br>\n          <br><b>\u00a7 13 -&nbsp;<\/b><b>Rechnungspr\u00fcfung<\/b>\n          <br>Die Mitgliederversammlung w\u00e4hlt zwei Rechnungspr\u00fcfer. Die \u00fcberpr\u00fcfen die Kassengesch\u00e4fte des Vereins. Die \u00dcberpr\u00fcfung hat mindestens einmal im Jahr zu erfolgen. \u00dcber das Ergebnis ist in der Mitgliederversammlung zu berichten.Die Rechnungspr\u00fcfer werden alle 2 Jahre neu gew\u00e4hlt. Wiederwahl ist m\u00f6glich.&nbsp;<b>\n            <br>\n            <br>\n            <br>\u00a7 14 -&nbsp;<\/b><b>Aufl\u00f6sung des Vereins<\/b>\n          <br>1. Die Aufl\u00f6sung des Vereins kann nur in einer Mitgliederversammlung mit einer Mehrheit von zwei Dritteln beschlossen werden. Nach der Aufl\u00f6sung des Vereins findet die Auseinandersetzung nach den Liquidationsvorschriften f\u00fcr rechtsf\u00e4hige Vereine statt.<br>\n          <br>2. Bei Aufl\u00f6sung oder Aufhebung des Vereins oder bei Wegfall steuerbeg\u00fcnstigter Zwecke f\u00e4llt das Verm\u00f6gen der Vereins je zur H\u00e4lfte<br>a) an den&nbsp;<b>Caritasverband L\u00f6ningen-Lindern e.V.<\/b>\n          <br>St. Annen-St. 16, 49624 L\u00f6ningen<br>(eingetragen unter VR 150183, AG-Oldenburg)<br>\n          <br>b) an das&nbsp;<b>Caritas-Sozialwerk St. Elisabeth<\/b>\n          <br>Neuer Markt 30, 49377 Vechta<br>(eingetragen unter Nr. 301.8-11741, Bez.-Rg. Weser-Ems)<br>\n          <br>die das Verm\u00f6gen unmittelbar und ausschlie\u00dflich f\u00fcr gemeinn\u00fctzige, mildt\u00e4tige oder kirchliche Zwecke zu verwenden haben.<br>\n          <br>3. Falls die Mitgliederversammlung nichts anderes beschlie\u00dft, sind der Vorsitzende und der stellvertretende Vorsitzende gemeinsam vertretungsberechtigte Liquidatoren.&nbsp;<br>\n          <br>\n          <br>\n          <br>\n          <br>\n          <br>L\u00f6ningen, den 04. November 2009<br>\n          <br>Die Mitgliederversammlung vom 19.07.2012 hat die \u00c4nderung der Satzung in \u00a72 Absatz 1 und 2 (Zweck des Vereins) beschlossen.<br>Tag des Eintrags: 28.08.2012<br>\n          <br>Die Mitgliederversammlung vom 12. September 2013 hat die \u00c4nderung der Satzung in \u00a7 9 (Wahl und Amtsdauer des Vorstandes) beschlossen.<br>Tag des Eintrags: 03.03.2014<br>\n          <br>Die Mitgliederversammlung vom 29. April 2015 hat die \u00c4nderung der Satzung in \u00a7 1 die Namens\u00e4nderung in L\u00f6ninger Tafel e.V. sowie \u00a7 5 ( Mitgliederbeitr\u00e4ge, Spenden, Zusch\u00fcsse) beschlossen.<br>Tag des Eintrags: 13.04.2016\n        <\/p>\n      <\/div>\n    <\/section>\n    \n    \n    \n    \n  \n","protected":false},"excerpt":{"rendered":"<p>Satzung Verein \u201e L\u00f6ninger Tafel&nbsp;&nbsp;e. V.\u201c&nbsp; In der Fassung vom 14. September 2009 beschlossen und verk\u00fcndet von der beschlussf\u00e4higen Mitgliederversammlung am gleichen Tage. Wegen der besseren Lesbarkeit wird stets die m\u00e4nnliche Form verwendet. Sie schlie\u00dft die weibliche ein.&nbsp; Pr\u00e4ambel Der Verein \u201eL\u00f6ninger Tafel e.V.\u201c versteht sich als ein konkreter Beitrag christlich und sozial engagierter Menschen, &hellip; <a href=\"https:\/\/www.loeninger-tafel.de\/?page_id=49\" class=\"more-link\">Continue reading<span class=\"screen-reader-text\"> &#8222;Satzung&#8220;<\/span><\/a><\/p>\n","protected":false},"author":1,"featured_media":0,"parent":0,"menu_order":5,"comment_status":"closed","ping_status":"closed","template":"","meta":{"footnotes":""},"class_list":["post-49","page","type-page","status-publish","hentry"],"_links":{"self":[{"href":"https:\/\/www.loeninger-tafel.de\/index.php?rest_route=\/wp\/v2\/pages\/49","targetHints":{"allow":["GET"]}}],"collection":[{"href":"https:\/\/www.loeninger-tafel.de\/index.php?rest_route=\/wp\/v2\/pages"}],"about":[{"href":"https:\/\/www.loeninger-tafel.de\/index.php?rest_route=\/wp\/v2\/types\/page"}],"author":[{"embeddable":true,"href":"https:\/\/www.loeninger-tafel.de\/index.php?rest_route=\/wp\/v2\/users\/1"}],"replies":[{"embeddable":true,"href":"https:\/\/www.loeninger-tafel.de\/index.php?rest_route=%2Fwp%2Fv2%2Fcomments&post=49"}],"version-history":[{"count":1,"href":"https:\/\/www.loeninger-tafel.de\/index.php?rest_route=\/wp\/v2\/pages\/49\/revisions"}],"predecessor-version":[{"id":59,"href":"https:\/\/www.loeninger-tafel.de\/index.php?rest_route=\/wp\/v2\/pages\/49\/revisions\/59"}],"wp:attachment":[{"href":"https:\/\/www.loeninger-tafel.de\/index.php?rest_route=%2Fwp%2Fv2%2Fmedia&parent=49"}],"curies":[{"name":"wp","href":"https:\/\/api.w.org\/{rel}","templated":true}]}}