{"id":48,"date":"2024-01-04T08:14:37","date_gmt":"2024-01-04T08:14:37","guid":{"rendered":"https:\/\/www.loeninger-tafel.de\/?page_id=48"},"modified":"2024-01-04T08:14:41","modified_gmt":"2024-01-04T08:14:41","slug":"mitmachen-und-spenden","status":"publish","type":"page","link":"https:\/\/www.loeninger-tafel.de\/?page_id=48","title":{"rendered":"Mitmachen und Spenden"},"content":{"rendered":"\n  \n    <section class=\"u-carousel u-slide u-block-0133-1\" id=\"carousel-afde\" data-interval=\"5000\" data-u-ride=\"carousel\">\n      <ol class=\"u-absolute-hcenter u-carousel-indicators u-block-0133-2\">\n        <li data-u-target=\"#carousel-afde\" class=\"u-active u-grey-30\" data-u-slide-to=\"0\"><\/li>\n      <\/ol>\n      <div class=\"u-carousel-inner\" role=\"listbox\" style=\"\">\n        <div class=\"skrollable skrollable-between u-active u-align-center u-carousel-item u-clearfix u-image u-shading lazyload u-section-1-1\" src=\"\" data-image-width=\"1600\" data-image-height=\"1200\" data-bg=\"url(&quot;https:\/\/www.loeninger-tafel.de\/wp-content\/uploads\/2024\/01\/Tafel_Loeningen_01.jpg&quot;)\">\n          <div class=\"u-clearfix u-sheet u-sheet-1\">\n            <div class=\"u-align-center u-container-style u-custom-color-1 u-expanded-width-sm u-expanded-width-xs u-group u-opacity u-opacity-90 u-shape-rectangle u-group-1\" data-animation-name=\"customAnimationIn\" data-animation-duration=\"1000\">\n              <div class=\"u-container-layout u-valign-middle-lg u-valign-middle-md u-valign-middle-sm u-valign-middle-xs u-container-layout-1\">\n                <h2 class=\"u-subtitle u-text u-text-1\">Werden Sie Mitglied oder Spenden Sie. Jede Hilfe z\u00e4hlt<\/h2>\n              <\/div>\n            <\/div>\n          <\/div>\n        <\/div>\n      <\/div>\n      <a class=\"u-absolute-vcenter u-carousel-control u-carousel-control-prev u-hidden u-text-grey-30 u-block-0133-3\" href=\"#carousel-afde\" role=\"button\" data-u-slide=\"prev\">\n        <span aria-hidden=\"true\">\n          <svg class=\"u-svg-link\" viewBox=\"0 0 477.175 477.175\"><path d=\"M145.188,238.575l215.5-215.5c5.3-5.3,5.3-13.8,0-19.1s-13.8-5.3-19.1,0l-225.1,225.1c-5.3,5.3-5.3,13.8,0,19.1l225.1,225\n                    c2.6,2.6,6.1,4,9.5,4s6.9-1.3,9.5-4c5.3-5.3,5.3-13.8,0-19.1L145.188,238.575z\"><\/path><\/svg>\n        <\/span>\n        <span class=\"sr-only\">Previous<\/span>\n      <\/a>\n      <a class=\"u-absolute-vcenter u-carousel-control u-carousel-control-next u-hidden u-text-grey-30 u-block-0133-4\" href=\"#carousel-afde\" role=\"button\" data-u-slide=\"next\">\n        <span aria-hidden=\"true\">\n          <svg class=\"u-svg-link\" viewBox=\"0 0 477.175 477.175\"><path d=\"M360.731,229.075l-225.1-225.1c-5.3-5.3-13.8-5.3-19.1,0s-5.3,13.8,0,19.1l215.5,215.5l-215.5,215.5\n                    c-5.3,5.3-5.3,13.8,0,19.1c2.6,2.6,6.1,4,9.5,4c3.4,0,6.9-1.3,9.5-4l225.1-225.1C365.931,242.875,365.931,234.275,360.731,229.075z\"><\/path><\/svg>\n        <\/span>\n        <span class=\"sr-only\">Weiter<\/span>\n      <\/a>\n    <\/section>\n    <section class=\"u-clearfix u-container-align-center u-custom-color-1 u-section-2\" id=\"sec-5dc9\">\n      <div class=\"u-clearfix u-sheet u-valign-middle u-sheet-1\">\n        <div class=\"u-expanded-width u-list u-list-1\">\n          <div class=\"u-repeater u-repeater-1\">\n            <div class=\"u-container-style u-list-item u-radius-10 u-repeater-item u-shape-round u-white u-list-item-1\" data-animation-name=\"customAnimationIn\" data-animation-duration=\"1000\">\n              <div class=\"u-container-layout u-similar-container u-container-layout-1\"><span class=\"u-align-center u-file-icon u-icon u-text-custom-color-2 u-icon-1\" data-href=\"https:\/\/www.loeninger-tafel.de\/?page_id=46\"><img decoding=\"async\" src=\"https:\/\/www.loeninger-tafel.de\/wp-content\/uploads\/2024\/01\/79786c18.png\" alt=\"\"><\/span>\n                <h5 class=\"u-align-center u-custom-font u-font-montserrat u-text u-text-grey-70 u-text-1\">Tafel Berechtigung<\/h5>\n              <\/div>\n            <\/div>\n            <div class=\"u-container-style u-list-item u-radius-10 u-repeater-item u-shape-round u-white u-list-item-2\" data-animation-name=\"customAnimationIn\" data-animation-duration=\"1000\">\n              <div class=\"u-container-layout u-similar-container u-container-layout-2\"><span class=\"u-align-center u-file-icon u-icon u-text-custom-color-2 u-icon-2\" data-href=\"https:\/\/www.loeninger-tafel.de\/?page_id=46#carousel_1a5b\"><img decoding=\"async\" src=\"https:\/\/www.loeninger-tafel.de\/wp-content\/uploads\/2024\/01\/9edb5c0e.png\" alt=\"\"><\/span>\n                <h5 class=\"u-align-center u-custom-font u-font-montserrat u-text u-text-grey-70 u-text-2\">Ausgabetermine<\/h5>\n              <\/div>\n            <\/div>\n            <div class=\"u-container-style u-list-item u-radius-10 u-repeater-item u-shape-round u-white u-list-item-3\" data-animation-name=\"customAnimationIn\" data-animation-duration=\"1000\">\n              <div class=\"u-container-layout u-similar-container u-container-layout-3\"><span class=\"u-align-center u-icon u-text-custom-color-2 u-icon-3\" data-href=\"https:\/\/www.loeninger-tafel.de\/?page_id=47#carousel_4ff3\"><svg class=\"u-svg-link\" preserveAspectRatio=\"xMidYMin slice\" viewBox=\"0 0 60 60\" style=\"\"><use xmlns:xlink=\"http:\/\/www.w3.org\/1999\/xlink\" xlink:href=\"#svg-fbb7\"><\/use><\/svg><svg class=\"u-svg-content\" viewBox=\"0 0 60 60\" x=\"0px\" y=\"0px\" id=\"svg-fbb7\" style=\"enable-background:new 0 0 60 60;\"><g><path d=\"M42.117,43.007c-0.55-0.067-1.046,0.327-1.11,0.876s0.328,1.046,0.876,1.11C52.399,46.231,58,49.567,58,51.5\n\t\tc0,2.714-10.652,6.5-28,6.5S2,54.214,2,51.5c0-1.933,5.601-5.269,16.117-6.507c0.548-0.064,0.94-0.562,0.876-1.11\n\t\tc-0.065-0.549-0.561-0.945-1.11-0.876C7.354,44.247,0,47.739,0,51.5C0,55.724,10.305,60,30,60s30-4.276,30-8.5\n\t\tC60,47.739,52.646,44.247,42.117,43.007z\"><\/path><path d=\"M29.823,54.757L45.164,32.6c5.754-7.671,4.922-20.28-1.781-26.982C39.761,1.995,34.945,0,29.823,0\n\t\ts-9.938,1.995-13.56,5.617c-6.703,6.702-7.535,19.311-1.804,26.952L29.823,54.757z M30,12c3.86,0,7,3.141,7,7s-3.14,7-7,7\n\t\ts-7-3.141-7-7S26.14,12,30,12z\"><\/path>\n<\/g><\/svg><\/span>\n                <h5 class=\"u-align-center u-custom-font u-font-montserrat u-text u-text-grey-70 u-text-3\">Hier findet ihr uns<\/h5>\n              <\/div>\n            <\/div>\n            <div class=\"u-container-style u-list-item u-radius-10 u-repeater-item u-shape-round u-white u-list-item-4\" data-animation-name=\"customAnimationIn\" data-animation-duration=\"1000\" data-href=\"https:\/\/www.loeninger-tafel.de\/?page_id=48\">\n              <div class=\"u-container-layout u-similar-container u-container-layout-4\"><span class=\"u-align-center u-file-icon u-icon u-text-custom-color-2 u-icon-4\" data-href=\"https:\/\/www.loeninger-tafel.de\/?page_id=48\"><img decoding=\"async\" src=\"https:\/\/www.loeninger-tafel.de\/wp-content\/uploads\/2024\/01\/3b6ce9ab.png\" alt=\"\"><\/span>\n                <h5 class=\"u-align-center u-custom-font u-font-montserrat u-text u-text-grey-70 u-text-4\">Mitmachen | Spenden<\/h5>\n              <\/div>\n            <\/div>\n          <\/div>\n        <\/div>\n      <\/div>\n    <\/section>\n    <section class=\"u-clearfix u-section-3\" id=\"carousel_9ba5\">\n      <div class=\"u-clearfix u-sheet u-sheet-1\">\n        <h1 class=\"u-custom-font u-text u-text-default u-text-font u-text-1\"><b style=\"\">Werden Sie Mitglied<\/b>\n        <\/h1>\n        <div class=\"u-border-6 u-border-custom-color-2 u-expanded-width u-line u-line-horizontal u-line-1\"><\/div>\n        <div class=\"data-layout-selected u-clearfix u-expanded-width u-layout-wrap u-layout-wrap-1\">\n          <div class=\"u-layout\">\n            <div class=\"u-layout-row\">\n              <div class=\"u-container-style u-layout-cell u-size-30 u-layout-cell-1\">\n                <div class=\"u-container-layout u-valign-top-xs u-container-layout-1\">\n                  <h5 class=\"u-custom-font u-text u-text-default u-text-font u-text-2\"> Unser Verein ist auf Unterst\u00fctzung jeder Art angewiesen. Auch wenn Sie sich nicht pers\u00f6nlich als aktives Mitglied engagieren k\u00f6nnen oder wollen, k\u00f6nnen Sie auf andere Art mitwirken.<br>\n                    <br>Helfen Sie uns dabei, unsere Ziele zu erreichen. Als F\u00f6rdermitglied unterst\u00fctzen Sie uns finanziell und erm\u00f6glichen uns so die Umsetzung unserer Projekte. <br>\n                    <br>F\u00f6rdermitglied kann jede nat\u00fcrliche oder juristische Person werden. Wir freuen uns auf Ihren Anruf oder Ihre E-Mail! <br>\n                    <br>Werden Sie Mitglied!\n                  <\/h5>\n                <\/div>\n              <\/div>\n              <div class=\"u-align-justify u-container-style u-custom-color-1 u-layout-cell u-size-30 u-layout-cell-2\">\n                <div class=\"u-container-layout u-valign-bottom-sm u-valign-bottom-xs u-valign-top-lg u-valign-top-md u-valign-top-xl u-container-layout-2\">\n                  <p class=\"u-text u-text-default u-text-3\"><i>Mit Ihrem Beitrag unterst\u00fctzen Sie die Arbeit der L\u00f6ninger Tafel e.V.<\/i><i>\n                      <br>\n                      <br>Die H\u00f6he des Beitrages w\u00e4hlen Sie selbst:&nbsp;<\/i><i>Der Jahresbeitrag betr\u00e4gt wahlweise 30 \u20ac oder 50 \u20ac oder jede andere, dar\u00fcber hinausgehende Summe. Die Zahlung erfolgt einmal j\u00e4hrlich per Bankeinzug.<br>\n                      <br>Unser Verein ist gemeinn\u00fctzig t\u00e4tig und stellt Ihnen daher f\u00fcr Ihre Spende auf Wunsch gern eine&nbsp;<b>Spendenquittung&nbsp;<\/b>aus.<\/i>\n                  <\/p>\n                  <a href=\"https:\/\/www.loeninger-tafel.de\/wp-content\/uploads\/2024\/01\/Aufnahmeantrag.pdf\" class=\"u-border-2 u-border-black u-btn u-button-style u-file-link u-hover-black u-none u-text-hover-white u-btn-1\" target=\"_blank\">Aufnahmeantrag<\/a>\n                <\/div>\n              <\/div>\n            <\/div>\n          <\/div>\n        <\/div>\n      <\/div>\n    <\/section>\n    <section class=\"u-align-center u-clearfix u-custom-color-1 u-section-4\" id=\"sec-57e4\">\n      <div class=\"u-clearfix u-sheet u-sheet-1\">\n        <h2 class=\"u-custom-font u-text u-text-font u-text-1\" data-animation-name=\"customAnimationIn\" data-animation-duration=\"1000\">Arbeiten Sie mit oder unterst\u00fctzen uns mit einer Spende<\/h2>\n      <\/div>\n    <\/section>\n    <section class=\"u-clearfix u-grey-5 u-section-5\" id=\"carousel_6d1c\">\n      <div class=\"u-clearfix u-sheet u-valign-middle u-sheet-1\">\n        <div class=\"data-layout-selected u-clearfix u-expanded-width u-layout-wrap u-layout-wrap-1\">\n          <div class=\"u-layout\">\n            <div class=\"u-layout-row\">\n              <div class=\"u-container-style u-layout-cell u-radius u-shape-round u-size-12-lg u-size-12-xl u-size-26-md u-size-26-sm u-size-26-xs u-layout-cell-1\">\n                <div class=\"u-container-layout u-valign-top u-container-layout-1\"><span class=\"u-file-icon u-icon u-icon-1\"><img decoding=\"async\" src=\"https:\/\/www.loeninger-tafel.de\/wp-content\/uploads\/2024\/01\/3047766.png\" alt=\"\"><\/span>\n                <\/div>\n              <\/div>\n              <div class=\"u-align-center-sm u-align-center-xs u-container-align-left-xs u-container-style u-layout-cell u-radius u-shape-round u-size-34-md u-size-34-sm u-size-34-xs u-size-48-lg u-size-48-xl u-white u-layout-cell-2\">\n                <div class=\"u-container-layout u-valign-top u-container-layout-2\">\n                  <h5 class=\"u-custom-font u-font-montserrat u-text u-text-default u-text-1\"> Arbeiten Sie mit<br>\n                    <br><i>\n                      <span style=\"font-weight: 400; font-style: normal; font-size: 1.25rem;\">Jede helfende Hand ist willkommen. Als Fahrer beim Sammeln von Lebensmitteln, beim Aufbereiten oder bei der Ausgabe der Lebensmittel an unsere Kunden.<\/span><\/i>\n                  <\/h5>\n                <\/div>\n              <\/div>\n            <\/div>\n          <\/div>\n        <\/div>\n      <\/div>\n    <\/section>\n    <section class=\"u-clearfix u-grey-5 u-section-6\" id=\"carousel_63de\">\n      <div class=\"u-clearfix u-sheet u-valign-middle u-sheet-1\">\n        <div class=\"data-layout-selected u-clearfix u-expanded-width u-layout-wrap u-layout-wrap-1\">\n          <div class=\"u-layout\">\n            <div class=\"u-layout-row\">\n              <div class=\"u-container-style u-layout-cell u-radius u-shape-round u-size-12-lg u-size-12-xl u-size-26-md u-size-26-sm u-size-26-xs u-layout-cell-1\">\n                <div class=\"u-container-layout u-valign-top u-container-layout-1\"><span class=\"u-file-icon u-icon u-icon-1\"><img decoding=\"async\" src=\"https:\/\/www.loeninger-tafel.de\/wp-content\/uploads\/2024\/01\/2581708.png\" alt=\"\"><\/span>\n                <\/div>\n              <\/div>\n              <div class=\"u-align-center-sm u-align-center-xs u-container-align-left-xs u-container-style u-layout-cell u-radius u-shape-round u-size-34-md u-size-34-sm u-size-34-xs u-size-48-lg u-size-48-xl u-white u-layout-cell-2\">\n                <div class=\"u-container-layout u-container-layout-2\">\n                  <h5 class=\"u-custom-font u-font-montserrat u-text u-text-default-lg u-text-default-md u-text-default-xl u-text-1\">Spenden sie Geld<br>\n                    <span style=\"font-weight: 400;\"><\/span>\n                    <br><i>\n                      <span style=\"font-style: normal; font-weight: 400; font-size: 1.25rem;\">Jeder Euro ist willkommen.&nbsp;<\/span><\/i>\n                    <span style=\"font-size: 1.25rem;\"><i style=\"font-weight: 400;\">Von Privatpersonen, von Unternehmen oder sonstigen Einrichtungen, gro\u00dfe und kleine Betr\u00e4ge.&nbsp;<\/i><i>\n                        <span style=\"font-style: normal;\"><b>\n                            <span style=\"font-weight: 400;\">Mit Ihrem Geld helfen Sie direkt vor Ort.<\/span><\/b>\n                        <\/span>\n                        <span style=\"font-weight: 400;\"><\/span><\/i>\n                    <\/span>\n                    <br>\n                    <br>\n                    <span style=\"font-size: 1.125rem;\">Spendenkonto: <br>BIC: GENODEF1LOG <br>IBAN: DE78280650610010658500 <br>Volksbank L\u00f6ningen\n                    <\/span>\n                    <br>\n                  <\/h5>\n                <\/div>\n              <\/div>\n            <\/div>\n          <\/div>\n        <\/div>\n      <\/div>\n    <\/section>\n    \n    \n    \n    \n  \n","protected":false},"excerpt":{"rendered":"<p>Werden Sie Mitglied oder Spenden Sie. Jede Hilfe z\u00e4hlt Previous Weiter Tafel Berechtigung Ausgabetermine Hier findet ihr uns Mitmachen | Spenden Werden Sie Mitglied Unser Verein ist auf Unterst\u00fctzung jeder Art angewiesen. Auch wenn Sie sich nicht pers\u00f6nlich als aktives Mitglied engagieren k\u00f6nnen oder wollen, k\u00f6nnen Sie auf andere Art mitwirken. Helfen Sie uns dabei, &hellip; <a href=\"https:\/\/www.loeninger-tafel.de\/?page_id=48\" class=\"more-link\">Continue reading<span class=\"screen-reader-text\"> &#8222;Mitmachen und Spenden&#8220;<\/span><\/a><\/p>\n","protected":false},"author":1,"featured_media":0,"parent":0,"menu_order":4,"comment_status":"closed","ping_status":"closed","template":"","meta":{"footnotes":""},"class_list":["post-48","page","type-page","status-publish","hentry"],"_links":{"self":[{"href":"https:\/\/www.loeninger-tafel.de\/index.php?rest_route=\/wp\/v2\/pages\/48","targetHints":{"allow":["GET"]}}],"collection":[{"href":"https:\/\/www.loeninger-tafel.de\/index.php?rest_route=\/wp\/v2\/pages"}],"about":[{"href":"https:\/\/www.loeninger-tafel.de\/index.php?rest_route=\/wp\/v2\/types\/page"}],"author":[{"embeddable":true,"href":"https:\/\/www.loeninger-tafel.de\/index.php?rest_route=\/wp\/v2\/users\/1"}],"replies":[{"embeddable":true,"href":"https:\/\/www.loeninger-tafel.de\/index.php?rest_route=%2Fwp%2Fv2%2Fcomments&post=48"}],"version-history":[{"count":1,"href":"https:\/\/www.loeninger-tafel.de\/index.php?rest_route=\/wp\/v2\/pages\/48\/revisions"}],"predecessor-version":[{"id":58,"href":"https:\/\/www.loeninger-tafel.de\/index.php?rest_route=\/wp\/v2\/pages\/48\/revisions\/58"}],"wp:attachment":[{"href":"https:\/\/www.loeninger-tafel.de\/index.php?rest_route=%2Fwp%2Fv2%2Fmedia&parent=48"}],"curies":[{"name":"wp","href":"https:\/\/api.w.org\/{rel}","templated":true}]}}